{"id":5537,"date":"2025-12-02T14:25:22","date_gmt":"2025-12-02T13:25:22","guid":{"rendered":"https:\/\/www.sg-ulrichskirchen.at\/sgu\/?page_id=5537"},"modified":"2026-01-13T08:01:59","modified_gmt":"2026-01-13T07:01:59","slug":"sportplatz","status":"publish","type":"page","link":"https:\/\/www.sg-ulrichskirchen.at\/sgu\/sportplatz\/","title":{"rendered":"Sportplatz"},"content":{"rendered":"\n<h3 class=\"wp-block-heading has-global-color-2-color has-text-color has-link-color wp-elements-16dc599421e6780a244ce8d5d1ea3620\"><strong>Geschichte Sportplatz Ulrichskirchen<\/strong><\/h3>\n\n\n\n<h4 class=\"wp-block-heading has-global-color-2-color has-text-color has-link-color wp-elements-c9343c99238b53c7eadb99380ba505da\"><br><strong><em>Weihnachten 1945<\/em><\/strong><\/h4>\n\n\n\n<p class=\"gb-text\">Der Verein startet seinen Betrieb mit Turnveranstaltungen im Gasthof Holzbauer (Ulrichskirchen).<br><br><\/p>\n\n\n\n<h4 class=\"wp-block-heading has-global-color-2-color has-text-color has-link-color wp-elements-ed2bbeee34a6e76358a55d4465e38195\"><strong><em>15. August 1947<\/em><\/strong><\/h4>\n\n\n\n<p class=\"gb-text\">Offizielle Er\u00f6ffnung des Spielfeldes in seiner heutigen Form.<br><\/p>\n\n\n\n<h4 class=\"wp-block-heading has-global-color-2-color has-text-color has-link-color wp-elements-31b210a0c8ccfa1b682f65c060560d9e\"><strong><em>April 1949<\/em><\/strong><\/h4>\n\n\n\n<p class=\"gb-text\">Eine Milit\u00e4rbaracke wird in Mautern\/Spratzern in Eigenregie abgebaut, nach Ulrichskirchen transportiert und rechts hinter dem Spielfeld wieder aufgebaut. Diese dient lange Jahre (bis 1975) als Umkleidekabine, anschlie\u00dfend als Kantine und wird bis jetzt noch als Ger\u00e4teraum and Abstellplatz genutzt.<br><\/p>\n\n\n\n<h4 class=\"wp-block-heading has-global-color-2-color has-text-color has-link-color wp-elements-435e8c7e386c3e3a34113eece1898dd0\"><strong><em><strong><em>Fr\u00fchjahr 1966<\/em><\/strong><\/em><\/strong><\/h4>\n\n\n\n<p class=\"gb-text\">Montage der ersten Flutlicht-Scheinwerfer f\u00fcr Trainingszwecke.<\/p>\n\n\n\n<h4 class=\"wp-block-heading has-global-color-2-color has-text-color has-link-color wp-elements-f71e6325e15bee3890d17206c1e6a52b\"><strong><em>Herbst 1973<\/em><\/strong><\/h4>\n\n\n\n<p class=\"gb-text\">Der vom Spieler Alfred Schrenk erstellte Plan der Hautzendorfer Umkleidekabine wird fast eins-zu-eins \u00fcbernommen und dient als Grundlage f\u00fcr die in den folgenden Jahren durchgef\u00fchrte Errichtung eines neuen Kabinengeb\u00e4udes unter der F\u00fchrung des damaligen Obmannes Edmund Bendl. <\/p>\n\n\n\n<h4 class=\"wp-block-heading has-global-color-2-color has-text-color has-link-color wp-elements-39e0ba2b55f5ecb947891d08805804d8\"><strong><em>17. August 1975<\/em><\/strong><\/h4>\n\n\n\n<p class=\"gb-text\">Die neue Umkleidekabine wird durch Herrn Pfarrer Msgr. Johann Burgmann eingeweiht und zum 30-j\u00e4hrigen Bestandsjubil\u00e4um ihrer Bestimmung \u00fcbergeben.<\/p>\n\n\n\n<h4 class=\"wp-block-heading has-global-color-2-color has-text-color has-link-color wp-elements-165e0ef66720bdbab25c4424980c63c3\"><strong><em>Fr\u00fchjahr 1979<\/em><\/strong><\/h4>\n\n\n\n<p class=\"gb-text\">Inbetriebnahme der ersten Flutlichtanlage auf der Zuschauerseite und Errichtung einer \u00fcberdachten Trib\u00fcne f\u00fcr rund 70 Personen\u00a0<\/p>\n\n\n\n<h4 class=\"wp-block-heading has-global-color-2-color has-text-color has-link-color wp-elements-1d9c1efabaad0359514cdd82b250e70b\"><strong><em>Herbst 1995<\/em><\/strong><\/h4>\n\n\n\n<p class=\"gb-text\">Die Flutlichtanlage wird mit Halogen Flutlichtstrahlern auf beiden Seiten so ausgebaut, dass auch Wettspiele durchgef\u00fchrt werden k\u00f6nnen. Wir sind zu diesem Zeitpunkt der einzige Verein des politischen Bezirkes Mistelbach, der eine entsprechend genehmigte wettspieltaugliche Flutlichtanlage in Betrieb hat.<\/p>\n\n\n\n<h4 class=\"wp-block-heading has-global-color-2-color has-text-color has-link-color wp-elements-5e43b3b052141a7bbbc8cb77c0641d2f\"><strong><em>Februar 2010<\/em><\/strong><\/h4>\n\n\n\n<p class=\"gb-text\">Gr\u00fcndung einer Projektgruppe unter der F\u00fchrung der ehemaligen Spieler Walter Aicher jun., Joachim Spitzer und Gerhard Sch\u00f6dl mit dem Ziel der Neugestaltung der Sportanlage in Zusammenarbeit mit den Vereinsfunktion\u00e4ren.<\/p>\n\n\n\n<h4 class=\"wp-block-heading has-global-color-2-color has-text-color has-link-color wp-elements-0cc2ffd91680b3ea1f7d6a83ac053149\"><strong><em>September 2010<\/em><\/strong><\/h4>\n\n\n\n<p class=\"gb-text\">Erster Schritt der Neugestaltung ist die fachgerechte Sanierung des Spielfeldes.<\/p>\n\n\n\n<h4 class=\"wp-block-heading has-global-color-2-color has-text-color has-link-color wp-elements-2e7010c9a2d6b8aa3b83e7b36d7291c1\"><strong><em>Mai 2011<\/em><\/strong><\/h4>\n\n\n\n<p class=\"gb-text\">Nach der Bauverhandlung am 9. Mai 2011 erfolgen unter Obmann Reinhard Kipferling, den Mitgliedern des Projektteams und zahlreichen freiwilligen HelferInnen der Umbau bzw. die Erweiterung der bestehenden Kabine sowie der Neubau eines Klubraumes. Die Planung und bauliche Durchf\u00fchrung liegen in der Verantwortung unseres Pr\u00e4sidenten Baumeister Wolfgang Hackl.<\/p>\n\n\n\n<h4 class=\"wp-block-heading has-global-color-2-color has-text-color has-link-color wp-elements-95535c8f3759f8c76a34c72fb6b779df\"><strong><em>Juni 2012<\/em><\/strong><\/h4>\n\n\n\n<p class=\"gb-text\">Im Rahmen einer Festveranstaltung werden der neue Klubraum und die ausgebaute Kabine offiziell eingeweiht und ihrer Bestimmung \u00fcbergeben.<\/p>\n\n\n\n<figure class=\"wp-block-gallery has-nested-images columns-default is-cropped wp-block-gallery-1 is-layout-flex wp-block-gallery-is-layout-flex\">\n<figure class=\"wp-block-image size-large\"><img loading=\"lazy\" decoding=\"async\" width=\"1024\" height=\"768\" data-id=\"3308\" src=\"https:\/\/www.sg-ulrichskirchen.at\/sgu\/wp-content\/uploads\/2014\/08\/P1030772-1024x768.jpg\" alt=\"\" class=\"wp-image-3308\" srcset=\"https:\/\/www.sg-ulrichskirchen.at\/sgu\/wp-content\/uploads\/2014\/08\/P1030772-1024x768.jpg 1024w, https:\/\/www.sg-ulrichskirchen.at\/sgu\/wp-content\/uploads\/2014\/08\/P1030772-300x225.jpg 300w, https:\/\/www.sg-ulrichskirchen.at\/sgu\/wp-content\/uploads\/2014\/08\/P1030772-768x576.jpg 768w, https:\/\/www.sg-ulrichskirchen.at\/sgu\/wp-content\/uploads\/2014\/08\/P1030772-1536x1152.jpg 1536w, https:\/\/www.sg-ulrichskirchen.at\/sgu\/wp-content\/uploads\/2014\/08\/P1030772-2048x1536.jpg 2048w\" sizes=\"auto, (max-width: 1024px) 100vw, 1024px\" \/><\/figure>\n\n\n\n<figure class=\"wp-block-image size-large\"><img loading=\"lazy\" decoding=\"async\" width=\"1024\" height=\"768\" data-id=\"3309\" src=\"https:\/\/www.sg-ulrichskirchen.at\/sgu\/wp-content\/uploads\/2014\/08\/P1030780-1024x768.jpg\" alt=\"\" class=\"wp-image-3309\" srcset=\"https:\/\/www.sg-ulrichskirchen.at\/sgu\/wp-content\/uploads\/2014\/08\/P1030780-1024x768.jpg 1024w, https:\/\/www.sg-ulrichskirchen.at\/sgu\/wp-content\/uploads\/2014\/08\/P1030780-300x225.jpg 300w, https:\/\/www.sg-ulrichskirchen.at\/sgu\/wp-content\/uploads\/2014\/08\/P1030780-768x576.jpg 768w, https:\/\/www.sg-ulrichskirchen.at\/sgu\/wp-content\/uploads\/2014\/08\/P1030780-1536x1152.jpg 1536w, https:\/\/www.sg-ulrichskirchen.at\/sgu\/wp-content\/uploads\/2014\/08\/P1030780-2048x1536.jpg 2048w\" sizes=\"auto, (max-width: 1024px) 100vw, 1024px\" \/><\/figure>\n<\/figure>\n\n\n\n<div style=\"height:30px\" aria-hidden=\"true\" class=\"wp-block-spacer\"><\/div>\n\n\n\n<h4 class=\"wp-block-heading has-global-color-2-color has-text-color has-link-color wp-elements-cba9d46437062b368a7b9b4832c1c2e3\"><strong><em>2015<\/em><\/strong><\/h4>\n\n\n\n<p class=\"gb-text\">Ab diesem Jahr \u00fcbernimmt Herr Gerhard Sch\u00f6dl die Verantwortung als Obmann. Ziel ist es unter anderem die Infrastruktur weiter zu erneuern. Der erste Schritt ist die Errichtung eines Trainingsgel\u00e4ndes mit Bew\u00e4sserungsanlage und Flutlicht.<\/p>\n\n\n\n<h4 class=\"wp-block-heading has-global-color-2-color has-text-color has-link-color wp-elements-5ea17ca6f6bdce92d01bf0fa1d5e1ec1\"><strong><em>2017<\/em><\/strong><\/h4>\n\n\n\n<p class=\"gb-text\">Ende 2017 sind das Trainingsgel\u00e4nde und die Flutlichtanlage fertiggestellt.<\/p>\n\n\n\n<h4 class=\"wp-block-heading has-global-color-2-color has-text-color has-link-color wp-elements-425f565be59be95f8067b17ddb6da205\"><strong><em>2021<\/em><\/strong><\/h4>\n\n\n\n<p class=\"gb-text\">Eine neue LED Flutlichtanlage ersetzt die in die Jahre gekommene Halogenflutlichtanlage am Hauptfeld. Bei einer deutlichen Verbesserung der Ausleuchtung&nbsp; (Durchschnitt 279 Lux) werden auch noch 50% der Energiekosten eingespart.<\/p>\n\n\n\n<figure class=\"wp-block-image size-full is-resized\"><img loading=\"lazy\" decoding=\"async\" width=\"419\" height=\"314\" src=\"https:\/\/www.sg-ulrichskirchen.at\/sgu\/wp-content\/uploads\/2014\/08\/Ledlicht_2.jpg\" alt=\"\" class=\"wp-image-3311\" style=\"width:416px;height:auto\" srcset=\"https:\/\/www.sg-ulrichskirchen.at\/sgu\/wp-content\/uploads\/2014\/08\/Ledlicht_2.jpg 419w, https:\/\/www.sg-ulrichskirchen.at\/sgu\/wp-content\/uploads\/2014\/08\/Ledlicht_2-300x225.jpg 300w\" sizes=\"auto, (max-width: 419px) 100vw, 419px\" \/><\/figure>\n\n\n\n<div style=\"height:30px\" aria-hidden=\"true\" class=\"wp-block-spacer\"><\/div>\n\n\n\n<h4 class=\"wp-block-heading has-global-color-2-color has-text-color has-link-color wp-elements-adec6fed470ba2b16bf9a5f684fae6bd\"><strong><em>2022<\/em><\/strong><\/h4>\n\n\n\n<p class=\"gb-text\">Die alte \u00d6lheizheizung\u00a0\u00a0wird durch eine moderne Luft Wasser W\u00e4rmepumpe ersetzt. Die W\u00e4rmepumpe, die haupts\u00e4chlich mit dem eigenen Strom aus unserer 12 KWp PV Anlage betrieben wird, versorgt uns mit Warmwasser sowie\u00a0\u00a0mit W\u00e4rme in der Kantine und den Kabinen.<\/p>\n\n\n\n<h4 class=\"wp-block-heading has-global-color-2-color has-text-color has-link-color wp-elements-df51dcc43147d42a8227a1c734af826a\"><strong><em>2024<\/em><\/strong><\/h4>\n\n\n\n<p class=\"gb-text\"><em>Zwei Hochwasser (Juni und September) setzten unserer Infrastruktur erheblich zu. Sch\u00e4den von \u201ezig\u201c tausend Euro entstehen. Die Sanierungsarbeiten sind noch immer nicht abgeschlossen.<\/em><\/p>\n\n\n\n<h4 class=\"wp-block-heading has-global-color-2-color has-text-color has-link-color wp-elements-2827d23c44cb40a39336c659dc042377\"><strong><em>2025<\/em><\/strong><\/h4>\n\n\n\n<p class=\"gb-text\"><em>Die Sanierungen nach den Hochwassern werden gr\u00f6\u00dftenteils\u00a0abgeschlossen.<\/em><br><em>Im Juni feiert die SGU ihr 80-j\u00e4hriges Bestehen.\u00a0<\/em><br><em>Nach der Generalversammlung im November \u00fcbernimmt Herr Thomas Riepl mit seinem Team die Verantwortung als Obmann.<\/em><\/p>\n\n\n\n<h4 class=\"wp-block-heading has-global-color-2-color has-text-color has-link-color wp-elements-4806689ba136aacb8e9b1e732f37c386\"><strong><em>202<\/em>6<\/strong><\/h4>\n","protected":false},"excerpt":{"rendered":"<p>Geschichte Sportplatz Ulrichskirchen Weihnachten 1945 Der Verein startet seinen Betrieb mit Turnveranstaltungen im Gasthof Holzbauer (Ulrichskirchen). 15. August 1947 Offizielle Er\u00f6ffnung des Spielfeldes in seiner heutigen Form. April 1949 Eine Milit\u00e4rbaracke wird in Mautern\/Spratzern in Eigenregie abgebaut, nach Ulrichskirchen transportiert und rechts hinter dem Spielfeld wieder aufgebaut. Diese dient lange Jahre (bis 1975) als Umkleidekabine, &#8230; <a title=\"Sportplatz\" class=\"read-more\" href=\"https:\/\/www.sg-ulrichskirchen.at\/sgu\/sportplatz\/\" aria-label=\"Mehr Informationen \u00fcber Sportplatz\">Weiterlesen<\/a><\/p>\n","protected":false},"author":1,"featured_media":0,"parent":0,"menu_order":0,"comment_status":"closed","ping_status":"closed","template":"","meta":{"_price":"","_stock":"","_tribe_ticket_header":"","_tribe_default_ticket_provider":"","_tribe_ticket_capacity":"0","_ticket_start_date":"","_ticket_end_date":"","_tribe_ticket_show_description":"","_tribe_ticket_show_not_going":false,"_tribe_ticket_use_global_stock":"","_tribe_ticket_global_stock_level":"","_global_stock_mode":"","_global_stock_cap":"","_tribe_rsvp_for_event":"","_tribe_ticket_going_count":"","_tribe_ticket_not_going_count":"","_tribe_tickets_list":"[]","_tribe_ticket_has_attendee_info_fields":false,"footnotes":"","_tec_slr_enabled":"","_tec_slr_layout":""},"class_list":["post-5537","page","type-page","status-publish"],"ticketed":false,"_links":{"self":[{"href":"https:\/\/www.sg-ulrichskirchen.at\/sgu\/wp-json\/wp\/v2\/pages\/5537","targetHints":{"allow":["GET"]}}],"collection":[{"href":"https:\/\/www.sg-ulrichskirchen.at\/sgu\/wp-json\/wp\/v2\/pages"}],"about":[{"href":"https:\/\/www.sg-ulrichskirchen.at\/sgu\/wp-json\/wp\/v2\/types\/page"}],"author":[{"embeddable":true,"href":"https:\/\/www.sg-ulrichskirchen.at\/sgu\/wp-json\/wp\/v2\/users\/1"}],"replies":[{"embeddable":true,"href":"https:\/\/www.sg-ulrichskirchen.at\/sgu\/wp-json\/wp\/v2\/comments?post=5537"}],"version-history":[{"count":49,"href":"https:\/\/www.sg-ulrichskirchen.at\/sgu\/wp-json\/wp\/v2\/pages\/5537\/revisions"}],"predecessor-version":[{"id":5978,"href":"https:\/\/www.sg-ulrichskirchen.at\/sgu\/wp-json\/wp\/v2\/pages\/5537\/revisions\/5978"}],"wp:attachment":[{"href":"https:\/\/www.sg-ulrichskirchen.at\/sgu\/wp-json\/wp\/v2\/media?parent=5537"}],"curies":[{"name":"wp","href":"https:\/\/api.w.org\/{rel}","templated":true}]}}